{"id":1414,"date":"2026-01-21T14:39:07","date_gmt":"2026-01-21T14:39:07","guid":{"rendered":"https:\/\/aniwin.heroesdelsilencio.com\/?product=albornoz-acapulco"},"modified":"2026-01-21T14:39:16","modified_gmt":"2026-01-21T14:39:16","slug":"albornoz-acapulco","status":"publish","type":"product","link":"https:\/\/aniwin.heroesdelsilencio.com\/?product=albornoz-acapulco","title":{"rendered":"ALBORNOZ ACAPULCO"},"content":{"rendered":"<p>100% algod\u00f3n org\u00e1nico.Dobladillo en pu\u00f1os y bajo de la prenda. Punto Terry. Tacto suave. Amplia capucha. 2 bolsillos parche con pespunte de refuerzo en la parte superior. Trabillas en la cintura. Cinta para colgar en el interior del cuello. Doble pespunte en el acabado del borde de la capucha, pu\u00f1os y bajo de la prenda.<\/p>\n","protected":false},"excerpt":{"rendered":"<p>ALBORNOZ ACAPULCO<\/p>\n","protected":false},"featured_media":1415,"comment_status":"closed","ping_status":"open","template":"","meta":[],"product_brand":[],"product_cat":[153,151,152],"product_tag":[],"class_list":{"0":"post-1414","1":"product","2":"type-product","3":"status-publish","4":"has-post-thumbnail","6":"product_cat-albornoces","7":"product_cat-ropa","8":"product_cat-unisex","9":"pa_color-negro","10":"pa_talla-l-xl","11":"pa_talla-s-m","13":"first","14":"onbackorder","15":"shipping-taxable","16":"purchasable","17":"product-type-variable"},"_links":{"self":[{"href":"https:\/\/aniwin.heroesdelsilencio.com\/index.php?rest_route=\/wp\/v2\/product\/1414","targetHints":{"allow":["GET"]}}],"collection":[{"href":"https:\/\/aniwin.heroesdelsilencio.com\/index.php?rest_route=\/wp\/v2\/product"}],"about":[{"href":"https:\/\/aniwin.heroesdelsilencio.com\/index.php?rest_route=\/wp\/v2\/types\/product"}],"replies":[{"embeddable":true,"href":"https:\/\/aniwin.heroesdelsilencio.com\/index.php?rest_route=%2Fwp%2Fv2%2Fcomments&post=1414"}],"wp:featuredmedia":[{"embeddable":true,"href":"https:\/\/aniwin.heroesdelsilencio.com\/index.php?rest_route=\/wp\/v2\/media\/1415"}],"wp:attachment":[{"href":"https:\/\/aniwin.heroesdelsilencio.com\/index.php?rest_route=%2Fwp%2Fv2%2Fmedia&parent=1414"}],"wp:term":[{"taxonomy":"product_brand","embeddable":true,"href":"https:\/\/aniwin.heroesdelsilencio.com\/index.php?rest_route=%2Fwp%2Fv2%2Fproduct_brand&post=1414"},{"taxonomy":"product_cat","embeddable":true,"href":"https:\/\/aniwin.heroesdelsilencio.com\/index.php?rest_route=%2Fwp%2Fv2%2Fproduct_cat&post=1414"},{"taxonomy":"product_tag","embeddable":true,"href":"https:\/\/aniwin.heroesdelsilencio.com\/index.php?rest_route=%2Fwp%2Fv2%2Fproduct_tag&post=1414"}],"curies":[{"name":"wp","href":"https:\/\/api.w.org\/{rel}","templated":true}]}}