{"id":1421,"date":"2026-01-21T14:39:07","date_gmt":"2026-01-21T14:39:07","guid":{"rendered":"https:\/\/aniwin.heroesdelsilencio.com\/?product=body-basel"},"modified":"2026-01-21T14:39:25","modified_gmt":"2026-01-21T14:39:25","slug":"body-basel","status":"publish","type":"product","link":"https:\/\/aniwin.heroesdelsilencio.com\/?product=body-basel","title":{"rendered":"BODY BASEL"},"content":{"rendered":"<p>90% algod\u00f3n\/10% viscosa, lavado con enzimas. Cuello redondo con 2 botones a presi\u00f3n sobre un hombro. Entrepierna con 3 botones a presi\u00f3n. Acabado de canal\u00e9 en cuello y bajos.<\/p>\n","protected":false},"excerpt":{"rendered":"<p>BODY BASEL<\/p>\n","protected":false},"featured_media":1422,"comment_status":"closed","ping_status":"open","template":"","meta":[],"product_brand":[],"product_cat":[155,154,151],"product_tag":[],"class_list":{"0":"post-1421","1":"product","2":"type-product","3":"status-publish","4":"has-post-thumbnail","6":"product_cat-bodys","7":"product_cat-nino","8":"product_cat-ropa","9":"pa_color-gris","10":"pa_color-negro","11":"pa_talla-3m","12":"pa_talla-6m","13":"pa_talla-9m","15":"first","16":"onbackorder","17":"shipping-taxable","18":"purchasable","19":"product-type-variable"},"_links":{"self":[{"href":"https:\/\/aniwin.heroesdelsilencio.com\/index.php?rest_route=\/wp\/v2\/product\/1421","targetHints":{"allow":["GET"]}}],"collection":[{"href":"https:\/\/aniwin.heroesdelsilencio.com\/index.php?rest_route=\/wp\/v2\/product"}],"about":[{"href":"https:\/\/aniwin.heroesdelsilencio.com\/index.php?rest_route=\/wp\/v2\/types\/product"}],"replies":[{"embeddable":true,"href":"https:\/\/aniwin.heroesdelsilencio.com\/index.php?rest_route=%2Fwp%2Fv2%2Fcomments&post=1421"}],"wp:featuredmedia":[{"embeddable":true,"href":"https:\/\/aniwin.heroesdelsilencio.com\/index.php?rest_route=\/wp\/v2\/media\/1422"}],"wp:attachment":[{"href":"https:\/\/aniwin.heroesdelsilencio.com\/index.php?rest_route=%2Fwp%2Fv2%2Fmedia&parent=1421"}],"wp:term":[{"taxonomy":"product_brand","embeddable":true,"href":"https:\/\/aniwin.heroesdelsilencio.com\/index.php?rest_route=%2Fwp%2Fv2%2Fproduct_brand&post=1421"},{"taxonomy":"product_cat","embeddable":true,"href":"https:\/\/aniwin.heroesdelsilencio.com\/index.php?rest_route=%2Fwp%2Fv2%2Fproduct_cat&post=1421"},{"taxonomy":"product_tag","embeddable":true,"href":"https:\/\/aniwin.heroesdelsilencio.com\/index.php?rest_route=%2Fwp%2Fv2%2Fproduct_tag&post=1421"}],"curies":[{"name":"wp","href":"https:\/\/api.w.org\/{rel}","templated":true}]}}