{"id":1451,"date":"2026-01-21T14:39:42","date_gmt":"2026-01-21T14:39:42","guid":{"rendered":"https:\/\/aniwin.heroesdelsilencio.com\/?product=camiseta-zaragoza-hombre"},"modified":"2026-01-21T14:39:58","modified_gmt":"2026-01-21T14:39:58","slug":"camiseta-zaragoza-hombre","status":"publish","type":"product","link":"https:\/\/aniwin.heroesdelsilencio.com\/?product=camiseta-zaragoza-hombre","title":{"rendered":"CAMISETA ZARAGOZA HOMBRE"},"content":{"rendered":"<p>100% ALGOD\u00d3N PEINADO RING-SPUN, CUELLO REDONDO CON TIRA CUBRECOSTURAS. CORTE SLIM Y TACTO SUAVE. TEJIDO RESISTENTE, SUAVE Y C\u00d3MODO DE LLEVAR. ESTAMPACI\u00d3N COMPONENTES DE HEROES DEL SILENCIO EN SERIGRAF\u00cdA.<\/p>\n","protected":false},"excerpt":{"rendered":"<p>CAMISETA ZARAGOZA HOMBRE<\/p>\n","protected":false},"featured_media":1452,"comment_status":"closed","ping_status":"open","template":"","meta":[],"product_brand":[],"product_cat":[157,158,156,151],"product_tag":[],"class_list":{"0":"post-1451","1":"product","2":"type-product","3":"status-publish","4":"has-post-thumbnail","6":"product_cat-camisetas","7":"product_cat-camisetas-basic","8":"product_cat-hombre","9":"product_cat-ropa","10":"pa_color-negro","11":"pa_talla-2xl","12":"pa_talla-l","13":"pa_talla-m","14":"pa_talla-s","15":"pa_talla-xl","17":"first","18":"instock","19":"shipping-taxable","20":"purchasable","21":"product-type-variable"},"_links":{"self":[{"href":"https:\/\/aniwin.heroesdelsilencio.com\/index.php?rest_route=\/wp\/v2\/product\/1451","targetHints":{"allow":["GET"]}}],"collection":[{"href":"https:\/\/aniwin.heroesdelsilencio.com\/index.php?rest_route=\/wp\/v2\/product"}],"about":[{"href":"https:\/\/aniwin.heroesdelsilencio.com\/index.php?rest_route=\/wp\/v2\/types\/product"}],"replies":[{"embeddable":true,"href":"https:\/\/aniwin.heroesdelsilencio.com\/index.php?rest_route=%2Fwp%2Fv2%2Fcomments&post=1451"}],"wp:featuredmedia":[{"embeddable":true,"href":"https:\/\/aniwin.heroesdelsilencio.com\/index.php?rest_route=\/wp\/v2\/media\/1452"}],"wp:attachment":[{"href":"https:\/\/aniwin.heroesdelsilencio.com\/index.php?rest_route=%2Fwp%2Fv2%2Fmedia&parent=1451"}],"wp:term":[{"taxonomy":"product_brand","embeddable":true,"href":"https:\/\/aniwin.heroesdelsilencio.com\/index.php?rest_route=%2Fwp%2Fv2%2Fproduct_brand&post=1451"},{"taxonomy":"product_cat","embeddable":true,"href":"https:\/\/aniwin.heroesdelsilencio.com\/index.php?rest_route=%2Fwp%2Fv2%2Fproduct_cat&post=1451"},{"taxonomy":"product_tag","embeddable":true,"href":"https:\/\/aniwin.heroesdelsilencio.com\/index.php?rest_route=%2Fwp%2Fv2%2Fproduct_tag&post=1451"}],"curies":[{"name":"wp","href":"https:\/\/api.w.org\/{rel}","templated":true}]}}