{"id":1759,"date":"2026-01-21T14:45:23","date_gmt":"2026-01-21T14:45:23","guid":{"rendered":"https:\/\/aniwin.heroesdelsilencio.com\/?product=camiseta-ciudad-de-mexico-junior"},"modified":"2026-01-21T14:45:40","modified_gmt":"2026-01-21T14:45:40","slug":"camiseta-ciudad-de-mexico-junior","status":"publish","type":"product","link":"https:\/\/aniwin.heroesdelsilencio.com\/?product=camiseta-ciudad-de-mexico-junior","title":{"rendered":"CAMISETA CIUDAD DE MEXICO JUNIOR"},"content":{"rendered":"<p>ALGOD\u00d3N ORG\u00c1NICO EN CONVERSI\u00d3N. ALGOD\u00d3N PEINADO. CORTADO Y COSIDO. CUELLO REDONDO DE CANAL\u00c9 Y ELASTANO. TIRA CUBRECOSTURAS A TONO EN EL CUELLO. ACABADO DE DOBLE PESPUNTE EN EL BAJO DE MANGAS Y DE LA PRENDA. IMPRESI\u00d3N DIRECTA CON RELIEVE.<\/p>\n","protected":false},"excerpt":{"rendered":"<p>CAMISETA CIUDAD DE MEXICO JUNIOR<\/p>\n","protected":false},"featured_media":1760,"comment_status":"closed","ping_status":"open","template":"","meta":[],"product_brand":[],"product_cat":[162,166,154,151],"product_tag":[],"class_list":{"0":"post-1759","1":"product","2":"type-product","3":"status-publish","4":"has-post-thumbnail","6":"product_cat-camisetas-nino","7":"product_cat-camisetas-premium-camisetas-nino","8":"product_cat-nino","9":"product_cat-ropa","10":"pa_color-negro","11":"pa_talla-86","12":"pa_talla-87","13":"pa_talla-88","14":"pa_talla-2-3","15":"pa_talla-4-6","16":"pa_talla-6-8","18":"first","19":"onbackorder","20":"shipping-taxable","21":"purchasable","22":"product-type-variable"},"_links":{"self":[{"href":"https:\/\/aniwin.heroesdelsilencio.com\/index.php?rest_route=\/wp\/v2\/product\/1759","targetHints":{"allow":["GET"]}}],"collection":[{"href":"https:\/\/aniwin.heroesdelsilencio.com\/index.php?rest_route=\/wp\/v2\/product"}],"about":[{"href":"https:\/\/aniwin.heroesdelsilencio.com\/index.php?rest_route=\/wp\/v2\/types\/product"}],"replies":[{"embeddable":true,"href":"https:\/\/aniwin.heroesdelsilencio.com\/index.php?rest_route=%2Fwp%2Fv2%2Fcomments&post=1759"}],"wp:featuredmedia":[{"embeddable":true,"href":"https:\/\/aniwin.heroesdelsilencio.com\/index.php?rest_route=\/wp\/v2\/media\/1760"}],"wp:attachment":[{"href":"https:\/\/aniwin.heroesdelsilencio.com\/index.php?rest_route=%2Fwp%2Fv2%2Fmedia&parent=1759"}],"wp:term":[{"taxonomy":"product_brand","embeddable":true,"href":"https:\/\/aniwin.heroesdelsilencio.com\/index.php?rest_route=%2Fwp%2Fv2%2Fproduct_brand&post=1759"},{"taxonomy":"product_cat","embeddable":true,"href":"https:\/\/aniwin.heroesdelsilencio.com\/index.php?rest_route=%2Fwp%2Fv2%2Fproduct_cat&post=1759"},{"taxonomy":"product_tag","embeddable":true,"href":"https:\/\/aniwin.heroesdelsilencio.com\/index.php?rest_route=%2Fwp%2Fv2%2Fproduct_tag&post=1759"}],"curies":[{"name":"wp","href":"https:\/\/api.w.org\/{rel}","templated":true}]}}