{"id":1828,"date":"2026-01-21T14:46:39","date_gmt":"2026-01-21T14:46:39","guid":{"rendered":"https:\/\/aniwin.heroesdelsilencio.com\/?product=gorro-bilbao"},"modified":"2026-01-21T14:46:48","modified_gmt":"2026-01-21T14:46:48","slug":"gorro-bilbao","status":"publish","type":"product","link":"https:\/\/aniwin.heroesdelsilencio.com\/?product=gorro-bilbao","title":{"rendered":"GORRO BILBAO"},"content":{"rendered":"<p>C\u00d3MODO GORRO CONFECCIONADO EN HILO DE ALGOD\u00d3N 100% ORG\u00c1NICO CERTIFICADO (CULTIVADO CON M\u00c9TODOS DE BAJO IMPACTO AMBIENTAL, SIN EL USO DE PESTICIDAS, FERTILIZANTES QU\u00cdMICOS T\u00d3XICOS Y DE CULTIVOS ORG\u00c1NICOS CONTROLADOS Y CERTIFICADOS), ANTIAL\u00c9RGICO Y DE FIBRA NATURAL.LOGO HDS BORDADO.ADVERTENCIA: LAVAR A MANO, NO USAR LEJ\u00cdA, NO SECAR EN SECADORA, NO PLANCHAR, NO LAVAR EN SECO.<\/p>\n","protected":false},"excerpt":{"rendered":"<p>GORRO BILBAO<\/p>\n","protected":false},"featured_media":1829,"comment_status":"closed","ping_status":"open","template":"","meta":[],"product_brand":[],"product_cat":[171,151,152],"product_tag":[],"class_list":{"0":"post-1828","1":"product","2":"type-product","3":"status-publish","4":"has-post-thumbnail","6":"product_cat-gorros","7":"product_cat-ropa","8":"product_cat-unisex","10":"first","11":"instock","12":"shipping-taxable","13":"purchasable","14":"product-type-simple"},"_links":{"self":[{"href":"https:\/\/aniwin.heroesdelsilencio.com\/index.php?rest_route=\/wp\/v2\/product\/1828","targetHints":{"allow":["GET"]}}],"collection":[{"href":"https:\/\/aniwin.heroesdelsilencio.com\/index.php?rest_route=\/wp\/v2\/product"}],"about":[{"href":"https:\/\/aniwin.heroesdelsilencio.com\/index.php?rest_route=\/wp\/v2\/types\/product"}],"replies":[{"embeddable":true,"href":"https:\/\/aniwin.heroesdelsilencio.com\/index.php?rest_route=%2Fwp%2Fv2%2Fcomments&post=1828"}],"wp:featuredmedia":[{"embeddable":true,"href":"https:\/\/aniwin.heroesdelsilencio.com\/index.php?rest_route=\/wp\/v2\/media\/1829"}],"wp:attachment":[{"href":"https:\/\/aniwin.heroesdelsilencio.com\/index.php?rest_route=%2Fwp%2Fv2%2Fmedia&parent=1828"}],"wp:term":[{"taxonomy":"product_brand","embeddable":true,"href":"https:\/\/aniwin.heroesdelsilencio.com\/index.php?rest_route=%2Fwp%2Fv2%2Fproduct_brand&post=1828"},{"taxonomy":"product_cat","embeddable":true,"href":"https:\/\/aniwin.heroesdelsilencio.com\/index.php?rest_route=%2Fwp%2Fv2%2Fproduct_cat&post=1828"},{"taxonomy":"product_tag","embeddable":true,"href":"https:\/\/aniwin.heroesdelsilencio.com\/index.php?rest_route=%2Fwp%2Fv2%2Fproduct_tag&post=1828"}],"curies":[{"name":"wp","href":"https:\/\/api.w.org\/{rel}","templated":true}]}}