{"id":1878,"date":"2026-01-21T14:47:39","date_gmt":"2026-01-21T14:47:39","guid":{"rendered":"https:\/\/aniwin.heroesdelsilencio.com\/?product=sudadera-santiago"},"modified":"2026-01-21T14:47:58","modified_gmt":"2026-01-21T14:47:58","slug":"sudadera-santiago","status":"publish","type":"product","link":"https:\/\/aniwin.heroesdelsilencio.com\/?product=sudadera-santiago","title":{"rendered":"SUDADERA SANTIAGO"},"content":{"rendered":"<p>SUDADERA CON CAPUCHA DE DOBLE TEJIDO CON BOLSILLO CANGURO Y CORD\u00d3N PLANO AJUSTABLE. OJALES METALICOS. PU\u00d1OS Y CINTURILLA CON PUNTO CANAL\u00c9 1X1 CON ELASTANO. 50% ALGOD\u00d3N \/ 50% POLI\u00c9STER, FELPA PERCHADA, 280 GR\/M2.HEROES DEL SILENCIO EN PECHO Y LOGO HDS EN ESPALDA. (TODO ELLO EN DTF)<\/p>\n","protected":false},"excerpt":{"rendered":"<p>SUDADERA SANTIAGO<\/p>\n","protected":false},"featured_media":1879,"comment_status":"closed","ping_status":"open","template":"","meta":[],"product_brand":[],"product_cat":[151,178,152],"product_tag":[],"class_list":{"0":"post-1878","1":"product","2":"type-product","3":"status-publish","4":"has-post-thumbnail","6":"product_cat-ropa","7":"product_cat-sudaderas","8":"product_cat-unisex","9":"pa_color-negro","10":"pa_talla-86","11":"pa_talla-87","12":"pa_talla-2xl","13":"pa_talla-3-4","14":"pa_talla-5-6","15":"pa_talla-7-8","16":"pa_talla-l","17":"pa_talla-m","18":"pa_talla-s","19":"pa_talla-xl","21":"first","22":"instock","23":"shipping-taxable","24":"purchasable","25":"product-type-variable"},"_links":{"self":[{"href":"https:\/\/aniwin.heroesdelsilencio.com\/index.php?rest_route=\/wp\/v2\/product\/1878","targetHints":{"allow":["GET"]}}],"collection":[{"href":"https:\/\/aniwin.heroesdelsilencio.com\/index.php?rest_route=\/wp\/v2\/product"}],"about":[{"href":"https:\/\/aniwin.heroesdelsilencio.com\/index.php?rest_route=\/wp\/v2\/types\/product"}],"replies":[{"embeddable":true,"href":"https:\/\/aniwin.heroesdelsilencio.com\/index.php?rest_route=%2Fwp%2Fv2%2Fcomments&post=1878"}],"wp:featuredmedia":[{"embeddable":true,"href":"https:\/\/aniwin.heroesdelsilencio.com\/index.php?rest_route=\/wp\/v2\/media\/1879"}],"wp:attachment":[{"href":"https:\/\/aniwin.heroesdelsilencio.com\/index.php?rest_route=%2Fwp%2Fv2%2Fmedia&parent=1878"}],"wp:term":[{"taxonomy":"product_brand","embeddable":true,"href":"https:\/\/aniwin.heroesdelsilencio.com\/index.php?rest_route=%2Fwp%2Fv2%2Fproduct_brand&post=1878"},{"taxonomy":"product_cat","embeddable":true,"href":"https:\/\/aniwin.heroesdelsilencio.com\/index.php?rest_route=%2Fwp%2Fv2%2Fproduct_cat&post=1878"},{"taxonomy":"product_tag","embeddable":true,"href":"https:\/\/aniwin.heroesdelsilencio.com\/index.php?rest_route=%2Fwp%2Fv2%2Fproduct_tag&post=1878"}],"curies":[{"name":"wp","href":"https:\/\/api.w.org\/{rel}","templated":true}]}}