{"id":1892,"date":"2026-01-21T14:47:53","date_gmt":"2026-01-21T14:47:53","guid":{"rendered":"https:\/\/aniwin.heroesdelsilencio.com\/?product=sudadera-cali"},"modified":"2026-01-21T14:48:12","modified_gmt":"2026-01-21T14:48:12","slug":"sudadera-cali","status":"publish","type":"product","link":"https:\/\/aniwin.heroesdelsilencio.com\/?product=sudadera-cali","title":{"rendered":"SUDADERA CALI"},"content":{"rendered":"<p>SUDADERA CON CAPUCHA DE DOBLE TEJIDO CON BOLSILLO CANGURO Y CORD\u00d3N PLANO AJUSTABLE. OJALES METALICOS. PU\u00d1OS Y CINTURILLA CON PUNTO CANAL\u00c9 1X1 CON ELASTANO. 50% ALGOD\u00d3N \/ 50% POLI\u00c9STER, FELPA PERCHADA, 280 GR\/M2.GUITARRA Y BAJO CRUZADO CON FONDO LOGO HDS EN PECHO. (TODO ELLO EN DTF)<\/p>\n","protected":false},"excerpt":{"rendered":"<p>SUDADERA CALI<\/p>\n","protected":false},"featured_media":1893,"comment_status":"closed","ping_status":"open","template":"","meta":[],"product_brand":[],"product_cat":[151,178,152],"product_tag":[],"class_list":{"0":"post-1892","1":"product","2":"type-product","3":"status-publish","4":"has-post-thumbnail","6":"product_cat-ropa","7":"product_cat-sudaderas","8":"product_cat-unisex","9":"pa_color-negro","10":"pa_talla-86","11":"pa_talla-87","12":"pa_talla-2xl","13":"pa_talla-3-4","14":"pa_talla-5-6","15":"pa_talla-7-8","16":"pa_talla-l","17":"pa_talla-m","18":"pa_talla-s","19":"pa_talla-xl","21":"first","22":"onbackorder","23":"shipping-taxable","24":"purchasable","25":"product-type-variable"},"_links":{"self":[{"href":"https:\/\/aniwin.heroesdelsilencio.com\/index.php?rest_route=\/wp\/v2\/product\/1892","targetHints":{"allow":["GET"]}}],"collection":[{"href":"https:\/\/aniwin.heroesdelsilencio.com\/index.php?rest_route=\/wp\/v2\/product"}],"about":[{"href":"https:\/\/aniwin.heroesdelsilencio.com\/index.php?rest_route=\/wp\/v2\/types\/product"}],"replies":[{"embeddable":true,"href":"https:\/\/aniwin.heroesdelsilencio.com\/index.php?rest_route=%2Fwp%2Fv2%2Fcomments&post=1892"}],"wp:featuredmedia":[{"embeddable":true,"href":"https:\/\/aniwin.heroesdelsilencio.com\/index.php?rest_route=\/wp\/v2\/media\/1893"}],"wp:attachment":[{"href":"https:\/\/aniwin.heroesdelsilencio.com\/index.php?rest_route=%2Fwp%2Fv2%2Fmedia&parent=1892"}],"wp:term":[{"taxonomy":"product_brand","embeddable":true,"href":"https:\/\/aniwin.heroesdelsilencio.com\/index.php?rest_route=%2Fwp%2Fv2%2Fproduct_brand&post=1892"},{"taxonomy":"product_cat","embeddable":true,"href":"https:\/\/aniwin.heroesdelsilencio.com\/index.php?rest_route=%2Fwp%2Fv2%2Fproduct_cat&post=1892"},{"taxonomy":"product_tag","embeddable":true,"href":"https:\/\/aniwin.heroesdelsilencio.com\/index.php?rest_route=%2Fwp%2Fv2%2Fproduct_tag&post=1892"}],"curies":[{"name":"wp","href":"https:\/\/api.w.org\/{rel}","templated":true}]}}