{"id":1928,"date":"2026-01-21T14:48:27","date_gmt":"2026-01-21T14:48:27","guid":{"rendered":"https:\/\/aniwin.heroesdelsilencio.com\/?product=taza-paris"},"modified":"2026-01-21T14:48:42","modified_gmt":"2026-01-21T14:48:42","slug":"taza-paris","status":"publish","type":"product","link":"https:\/\/aniwin.heroesdelsilencio.com\/?product=taza-paris","title":{"rendered":"TAZA PARIS"},"content":{"rendered":"<p>TAZA DE CER\u00c1MICA L\u00cdNEA ECO DE 420 ML, CON DISE\u00d1O EN ACABADO MATE Y BASE REDONDEADA DE CORCHO. CER\u00c1MICA Y CORCHO.SERIGRAFIA DEL LOGO HDS.*DIMENSIONES:11 cm de altura9 cm de di\u00e1metro<\/p>\n","protected":false},"excerpt":{"rendered":"<p>TAZA PARIS<\/p>\n","protected":false},"featured_media":1929,"comment_status":"closed","ping_status":"open","template":"","meta":[],"product_brand":[],"product_cat":[172,182],"product_tag":[],"class_list":{"0":"post-1928","1":"product","2":"type-product","3":"status-publish","4":"has-post-thumbnail","6":"product_cat-accesorios","7":"product_cat-tazas","9":"first","10":"instock","11":"shipping-taxable","12":"purchasable","13":"product-type-simple"},"_links":{"self":[{"href":"https:\/\/aniwin.heroesdelsilencio.com\/index.php?rest_route=\/wp\/v2\/product\/1928","targetHints":{"allow":["GET"]}}],"collection":[{"href":"https:\/\/aniwin.heroesdelsilencio.com\/index.php?rest_route=\/wp\/v2\/product"}],"about":[{"href":"https:\/\/aniwin.heroesdelsilencio.com\/index.php?rest_route=\/wp\/v2\/types\/product"}],"replies":[{"embeddable":true,"href":"https:\/\/aniwin.heroesdelsilencio.com\/index.php?rest_route=%2Fwp%2Fv2%2Fcomments&post=1928"}],"wp:featuredmedia":[{"embeddable":true,"href":"https:\/\/aniwin.heroesdelsilencio.com\/index.php?rest_route=\/wp\/v2\/media\/1929"}],"wp:attachment":[{"href":"https:\/\/aniwin.heroesdelsilencio.com\/index.php?rest_route=%2Fwp%2Fv2%2Fmedia&parent=1928"}],"wp:term":[{"taxonomy":"product_brand","embeddable":true,"href":"https:\/\/aniwin.heroesdelsilencio.com\/index.php?rest_route=%2Fwp%2Fv2%2Fproduct_brand&post=1928"},{"taxonomy":"product_cat","embeddable":true,"href":"https:\/\/aniwin.heroesdelsilencio.com\/index.php?rest_route=%2Fwp%2Fv2%2Fproduct_cat&post=1928"},{"taxonomy":"product_tag","embeddable":true,"href":"https:\/\/aniwin.heroesdelsilencio.com\/index.php?rest_route=%2Fwp%2Fv2%2Fproduct_tag&post=1928"}],"curies":[{"name":"wp","href":"https:\/\/api.w.org\/{rel}","templated":true}]}}